{"id":143,"date":"2024-11-23T20:31:05","date_gmt":"2024-11-23T20:31:05","guid":{"rendered":"https:\/\/mhernandez-jaczewska.com\/?page_id=143"},"modified":"2024-12-05T22:16:08","modified_gmt":"2024-12-05T22:16:08","slug":"143-2","status":"publish","type":"page","link":"https:\/\/mhernandez-jaczewska.com\/index.php\/es\/143-2\/","title":{"rendered":"Sobre mi"},"content":{"rendered":"\n<div class=\"wp-block-columns are-vertically-aligned-center is-layout-flex wp-container-core-columns-is-layout-9d6595d7 wp-block-columns-is-layout-flex\">\n<div class=\"wp-block-column is-vertically-aligned-center is-layout-flow wp-block-column-is-layout-flow\">\n<figure class=\"wp-block-image size-full\"><img fetchpriority=\"high\" decoding=\"async\" width=\"762\" height=\"889\" src=\"http:\/\/mhernandez-jaczewska.com\/wp-content\/uploads\/2024\/11\/c5f969_70784724b3da4b20b1de478291995928mv2.webp\" alt=\"\" class=\"wp-image-117\" srcset=\"https:\/\/mhernandez-jaczewska.com\/wp-content\/uploads\/2024\/11\/c5f969_70784724b3da4b20b1de478291995928mv2.webp 762w, https:\/\/mhernandez-jaczewska.com\/wp-content\/uploads\/2024\/11\/c5f969_70784724b3da4b20b1de478291995928mv2-257x300.webp 257w\" sizes=\"(max-width: 762px) 100vw, 762px\" \/><\/figure>\n<\/div>\n\n\n\n<div class=\"wp-block-column is-vertically-aligned-center is-layout-flow wp-block-column-is-layout-flow\">\n<div class=\"wp-block-group is-vertical is-content-justification-center is-layout-flex wp-container-core-group-is-layout-4b2eccd6 wp-block-group-is-layout-flex\">\n<p class=\"has-text-align-center\" style=\"font-size:1.4rem;font-style:normal;font-weight:400\">Soy una psic\u00f3loga dedicada que disfruta trabajar con las personas mientras les ayuda a encontrar su propia manera de comprenderse mejor a s\u00ed mismos, su entorno y sus emociones.<\/p>\n\n\n\n<p class=\"has-text-align-center\" style=\"font-size:1.4rem;font-style:normal;font-weight:400\">Brindo atenci\u00f3n excepcional durante terapias a corto y largo plazo e implemento planes de tratamiento efectivos para mis pacientes con enfoque en adultos y parejas multiculturales.<\/p>\n\n\n\n<p class=\"has-text-align-center\" style=\"font-size:1.4rem;font-style:normal;font-weight:400\">Soy triling\u00fce y mis clientes pueden optar por sesiones en espa\u00f1ol, ingl\u00e9s o polaco. A pesar de que vivo en Polonia desde 2001, trabajo estrechamente con el psic\u00f3logo Jos\u00e9 Luis Castillo, mi mentor y supervisor en M\u00e9xico.<\/p>\n<\/div>\n<\/div>\n<\/div>\n\n\n\n<div style=\"height:66px\" aria-hidden=\"true\" class=\"wp-block-spacer\"><\/div>\n\n\n\n<h3 class=\"wp-block-heading has-custom-2-color has-text-color has-link-color wp-elements-c391b5686b4fc5402dc80f11f9740e3b\"><strong>Mi educaci\u00f3n:<\/strong><\/h3>\n\n\n\n<p><\/p>\n\n\n\n<ul class=\"wp-block-list\">\n<li>(2000) Egresada de la Facultad de Psicolog\u00eda de la Universidad de las Am\u00e9ricas &#8211; Puebla, M\u00e9xico<\/li>\n\n\n\n<li>(2003) Nostrificaci\u00f3n del diploma obtenido en la Facultad de Psicolog\u00eda de la Universidad de Varsovia<\/li>\n\n\n\n<li>Talleres profesionales de posgrado sobre autoestima, amor e infidelidad, proceso de duelo, afrontamiento del miedo, musicoterapia<\/li>\n\n\n\n<li>Curso de salud con Ayurveda en el Instituto Mexicano de Medicina Hol\u00edstica Ayurveda<\/li>\n\n\n\n<li>Diploma en Terapia Gestalt por el Instituto de Psicoterapia Gestalt en Veracruz, M\u00e9xico<\/li>\n<\/ul>\n\n\n\n<div style=\"height:71px\" aria-hidden=\"true\" class=\"wp-block-spacer\"><\/div>\n\n\n\n<h3 class=\"wp-block-heading has-custom-2-color has-text-color has-link-color wp-elements-be78e97cd6ba412ddabc9d4883fa44de\"><strong>Experiencia:<\/strong><\/h3>\n\n\n\n<p><br>Desde 2012 doy terapia para adultos y parejas multiculturales con excelentes resultados en cl\u00ednicas privadas<br><\/p>\n\n\n\n<h4 class=\"wp-block-heading has-custom-2-color has-text-color has-link-color wp-elements-f63b232d0d67d2d94e407393dccef266\"><strong>en Varsovia:<\/strong><\/h4>\n\n\n\n<ul class=\"wp-block-list\">\n<li>Centro &#8220;Zmiany w \u017cyciu&#8221;<\/li>\n\n\n\n<li>Psicoterapia &#8220;Kielczyk&#8221;<\/li>\n\n\n\n<li>Clinica Psicol\u00f3gica &#8220;Po zmiany&#8221;<\/li>\n\n\n\n<li>Cl\u00ednica de Psiquiatr\u00eda y Psicoterapia &#8220;Volta Aid&#8221;<\/li>\n\n\n\n<li>Centro Cient\u00edfico y Terap\u00e9utico &#8220;Ogrody zmian&#8221;<\/li>\n<\/ul>\n\n\n\n<p><\/p>\n\n\n\n<h4 class=\"wp-block-heading has-custom-2-color has-text-color has-link-color wp-elements-4356d9efb3efdd09689b86e9c01a7a7a\"><strong>in Mexico:<\/strong><\/h4>\n\n\n\n<ul class=\"wp-block-list\">\n<li>Hospital Psiqui\u00e1trico de Cholula. Puebla, M\u00e9xico.<\/li>\n\n\n\n<li>Sesiones en cl\u00ednica privada en M\u00e9xico.<\/li>\n<\/ul>\n","protected":false},"excerpt":{"rendered":"<p>Soy una psic\u00f3loga dedicada que disfruta trabajar con las personas mientras les ayuda a encontrar su propia manera de comprenderse mejor a s\u00ed mismos, su entorno y sus emociones. Brindo atenci\u00f3n excepcional durante terapias a corto y largo plazo e implemento planes de tratamiento efectivos para mis pacientes con enfoque en adultos y parejas multiculturales.&hellip;&nbsp;<a href=\"https:\/\/mhernandez-jaczewska.com\/index.php\/es\/143-2\/\" rel=\"bookmark\">Dowiedz si\u0119 wi\u0119cej &raquo;<span class=\"screen-reader-text\">Sobre mi<\/span><\/a><\/p>\n","protected":false},"author":1,"featured_media":0,"parent":0,"menu_order":0,"comment_status":"closed","ping_status":"closed","template":"","meta":{"neve_meta_sidebar":"","neve_meta_container":"","neve_meta_enable_content_width":"","neve_meta_content_width":0,"neve_meta_title_alignment":"","neve_meta_author_avatar":"","neve_post_elements_order":"","neve_meta_disable_header":"","neve_meta_disable_footer":"","neve_meta_disable_title":"","footnotes":""},"class_list":["post-143","page","type-page","status-publish","hentry"],"_links":{"self":[{"href":"https:\/\/mhernandez-jaczewska.com\/index.php\/wp-json\/wp\/v2\/pages\/143","targetHints":{"allow":["GET"]}}],"collection":[{"href":"https:\/\/mhernandez-jaczewska.com\/index.php\/wp-json\/wp\/v2\/pages"}],"about":[{"href":"https:\/\/mhernandez-jaczewska.com\/index.php\/wp-json\/wp\/v2\/types\/page"}],"author":[{"embeddable":true,"href":"https:\/\/mhernandez-jaczewska.com\/index.php\/wp-json\/wp\/v2\/users\/1"}],"replies":[{"embeddable":true,"href":"https:\/\/mhernandez-jaczewska.com\/index.php\/wp-json\/wp\/v2\/comments?post=143"}],"version-history":[{"count":2,"href":"https:\/\/mhernandez-jaczewska.com\/index.php\/wp-json\/wp\/v2\/pages\/143\/revisions"}],"predecessor-version":[{"id":446,"href":"https:\/\/mhernandez-jaczewska.com\/index.php\/wp-json\/wp\/v2\/pages\/143\/revisions\/446"}],"wp:attachment":[{"href":"https:\/\/mhernandez-jaczewska.com\/index.php\/wp-json\/wp\/v2\/media?parent=143"}],"curies":[{"name":"wp","href":"https:\/\/api.w.org\/{rel}","templated":true}]}}