{"id":147,"date":"2024-11-23T20:35:47","date_gmt":"2024-11-23T20:35:47","guid":{"rendered":"https:\/\/mhernandez-jaczewska.com\/?page_id=147"},"modified":"2024-12-05T22:16:10","modified_gmt":"2024-12-05T22:16:10","slug":"147-2","status":"publish","type":"page","link":"https:\/\/mhernandez-jaczewska.com\/index.php\/pl\/147-2\/","title":{"rendered":"O mnie"},"content":{"rendered":"\n<div class=\"wp-block-columns are-vertically-aligned-center is-layout-flex wp-container-core-columns-is-layout-9d6595d7 wp-block-columns-is-layout-flex\">\n<div class=\"wp-block-column is-vertically-aligned-center is-layout-flow wp-block-column-is-layout-flow\">\n<figure class=\"wp-block-image size-full\"><img fetchpriority=\"high\" decoding=\"async\" width=\"762\" height=\"889\" src=\"http:\/\/mhernandez-jaczewska.com\/wp-content\/uploads\/2024\/11\/c5f969_70784724b3da4b20b1de478291995928mv2.webp\" alt=\"\" class=\"wp-image-117\" srcset=\"https:\/\/mhernandez-jaczewska.com\/wp-content\/uploads\/2024\/11\/c5f969_70784724b3da4b20b1de478291995928mv2.webp 762w, https:\/\/mhernandez-jaczewska.com\/wp-content\/uploads\/2024\/11\/c5f969_70784724b3da4b20b1de478291995928mv2-257x300.webp 257w\" sizes=\"(max-width: 762px) 100vw, 762px\" \/><\/figure>\n<\/div>\n\n\n\n<div class=\"wp-block-column is-vertically-aligned-center is-layout-flow wp-block-column-is-layout-flow\">\n<div class=\"wp-block-group is-vertical is-content-justification-center is-layout-flex wp-container-core-group-is-layout-4b2eccd6 wp-block-group-is-layout-flex\">\n<p class=\"has-text-align-center\" style=\"font-size:1.4rem;font-style:normal;font-weight:400\">Jestem oddan\u0105 psycholog, kt\u00f3ra lubi pracowa\u0107 z lud\u017ami, pomagaj\u0105c im znale\u017a\u0107 w\u0142asn\u0105 drog\u0119 do lepszego zrozumienia siebie, swojego otoczenia i swoich emocji.<\/p>\n\n\n\n<p class=\"has-text-align-center\" style=\"font-size:1.4rem;font-style:normal;font-weight:400\"><\/p>\n\n\n\n<p class=\"has-text-align-center\" style=\"font-size:1.4rem;font-style:normal;font-weight:400\">Zapewniam wyj\u0105tkow\u0105 opiek\u0119 podczas terapii kr\u00f3tko- i d\u0142ugoterminowych oraz wdra\u017cam skuteczne plany leczenia moich pacjent\u00f3w, ze szczeg\u00f3lnym uwzgl\u0119dnieniem os\u00f3b doros\u0142ych i par wielokulturowych.<\/p>\n\n\n\n<p class=\"has-text-align-center\" style=\"font-size:1.4rem;font-style:normal;font-weight:400\">Jestem tr\u00f3jj\u0119zyczna i moi klienci mog\u0105 wybra\u0107 sesje w j\u0119zyku hiszpa\u0144skim, angielskim lub polskim. Pomimo tego, \u017ce od 2001 roku mieszkam w Polsce, blisko wsp\u00f3\u0142pracuj\u0119 z psychologiem Jose Luisem Castillo, moim mentorem i superwizorem w Meksyku.<\/p>\n\n\n\n<p class=\"has-text-align-center\" style=\"font-size:1.4rem;font-style:normal;font-weight:400\"><\/p>\n<\/div>\n<\/div>\n<\/div>\n\n\n\n<div style=\"height:66px\" aria-hidden=\"true\" class=\"wp-block-spacer\"><\/div>\n\n\n\n<h3 class=\"wp-block-heading has-custom-2-color has-text-color has-link-color wp-elements-dd4ef087bed53b1bafdc9ee97d83627a\"><strong>Moje wykszta\u0142cenie:<\/strong><\/h3>\n\n\n\n<p><\/p>\n\n\n\n<ul class=\"wp-block-list\">\n<li>(2000) Absolwentka Wydzia\u0142u Psychologii Universidad de las Am\u00e9ricas &#8211; Puebla, Meksyk<\/li>\n\n\n\n<li>(2003) Nostryfikacja dyplomu uzyskanego na Wydziale Psychologii Uniwersytetu Warszawskiego<\/li>\n\n\n\n<li>Profesjonalne warsztaty podyplomowe z zakresu poczucia w\u0142asnej warto\u015bci, mi\u0142o\u015bci i niewierno\u015bci, procesu \u017ca\u0142oby, radzenia sobie ze strachem, muzykoterapii i nie tylko<\/li>\n\n\n\n<li>Uczestnictwo w kursie dotycz\u0105cym zdrowia z Ayurved\u0105 w Meksyka\u0144skim Instytucie Holistycznej Medycyny Ayurvedy<\/li>\n\n\n\n<li>Uzyskanie dyplomu Terapii Gestalt w Instytucie Psychoterapii Gestalt w Veracruz w Meksyku<\/li>\n<\/ul>\n\n\n\n<div style=\"height:71px\" aria-hidden=\"true\" class=\"wp-block-spacer\"><\/div>\n\n\n\n<h3 class=\"wp-block-heading has-custom-2-color has-text-color has-link-color wp-elements-8d415d9fc1e00819c625911a7f67dceb\"><strong>Moje do\u015bwiadczenie zawodowe:<\/strong><\/h3>\n\n\n\n<p><br>Od 2012 roku prowadz\u0119 terapi\u0119 os\u00f3b doros\u0142ych i par wielokulturowych z doskona\u0142ymi wynikami w prywatnych klinikach.<br><\/p>\n\n\n\n<h4 class=\"wp-block-heading has-custom-2-color has-text-color has-link-color wp-elements-bd10bf70fa2715baec825c7149e95e01\"><strong>w Warszawie:<\/strong><\/h4>\n\n\n\n<ul class=\"wp-block-list\">\n<li>Centrum Zmiany w \u017byciu<\/li>\n\n\n\n<li>Pracownia Psychoterapii Kielczyk<\/li>\n\n\n\n<li>Klinika psychologiczna &#8220;Po zmiany&#8221;<\/li>\n\n\n\n<li>O\u015brodek Naukowo Terapeutyczny Ogrody Zmian<\/li>\n\n\n\n<li>Klinika Psychiatrii i Psychoterapii Volta Aid<\/li>\n<\/ul>\n\n\n\n<p><\/p>\n\n\n\n<h4 class=\"wp-block-heading has-custom-2-color has-text-color has-link-color wp-elements-5172102781a4fe0cc8fef8675d5d8e90\"><strong>w Meksyku:<\/strong><\/h4>\n\n\n\n<ul class=\"wp-block-list\">\n<li>Szpital Psychiatryczny w Cholula, Puebla w Meksyku.<\/li>\n\n\n\n<li>Sesje w prywatnej klinice w Meksyku.<\/li>\n<\/ul>\n","protected":false},"excerpt":{"rendered":"<p>Jestem oddan\u0105 psycholog, kt\u00f3ra lubi pracowa\u0107 z lud\u017ami, pomagaj\u0105c im znale\u017a\u0107 w\u0142asn\u0105 drog\u0119 do lepszego zrozumienia siebie, swojego otoczenia i swoich emocji. Zapewniam wyj\u0105tkow\u0105 opiek\u0119 podczas terapii kr\u00f3tko- i d\u0142ugoterminowych oraz wdra\u017cam skuteczne plany leczenia moich pacjent\u00f3w, ze szczeg\u00f3lnym uwzgl\u0119dnieniem os\u00f3b doros\u0142ych i par wielokulturowych. Jestem tr\u00f3jj\u0119zyczna i moi klienci mog\u0105 wybra\u0107 sesje w j\u0119zyku&hellip;&nbsp;<a href=\"https:\/\/mhernandez-jaczewska.com\/index.php\/pl\/147-2\/\" rel=\"bookmark\">Dowiedz si\u0119 wi\u0119cej &raquo;<span class=\"screen-reader-text\">O mnie<\/span><\/a><\/p>\n","protected":false},"author":1,"featured_media":0,"parent":0,"menu_order":0,"comment_status":"closed","ping_status":"closed","template":"","meta":{"neve_meta_sidebar":"","neve_meta_container":"","neve_meta_enable_content_width":"","neve_meta_content_width":0,"neve_meta_title_alignment":"","neve_meta_author_avatar":"","neve_post_elements_order":"","neve_meta_disable_header":"","neve_meta_disable_footer":"","neve_meta_disable_title":"","footnotes":""},"class_list":["post-147","page","type-page","status-publish","hentry"],"_links":{"self":[{"href":"https:\/\/mhernandez-jaczewska.com\/index.php\/wp-json\/wp\/v2\/pages\/147","targetHints":{"allow":["GET"]}}],"collection":[{"href":"https:\/\/mhernandez-jaczewska.com\/index.php\/wp-json\/wp\/v2\/pages"}],"about":[{"href":"https:\/\/mhernandez-jaczewska.com\/index.php\/wp-json\/wp\/v2\/types\/page"}],"author":[{"embeddable":true,"href":"https:\/\/mhernandez-jaczewska.com\/index.php\/wp-json\/wp\/v2\/users\/1"}],"replies":[{"embeddable":true,"href":"https:\/\/mhernandez-jaczewska.com\/index.php\/wp-json\/wp\/v2\/comments?post=147"}],"version-history":[{"count":3,"href":"https:\/\/mhernandez-jaczewska.com\/index.php\/wp-json\/wp\/v2\/pages\/147\/revisions"}],"predecessor-version":[{"id":473,"href":"https:\/\/mhernandez-jaczewska.com\/index.php\/wp-json\/wp\/v2\/pages\/147\/revisions\/473"}],"wp:attachment":[{"href":"https:\/\/mhernandez-jaczewska.com\/index.php\/wp-json\/wp\/v2\/media?parent=147"}],"curies":[{"name":"wp","href":"https:\/\/api.w.org\/{rel}","templated":true}]}}