{"id":150,"date":"2024-11-23T20:40:15","date_gmt":"2024-11-23T20:40:15","guid":{"rendered":"https:\/\/mhernandez-jaczewska.com\/?page_id=150"},"modified":"2024-12-05T22:05:05","modified_gmt":"2024-12-05T22:05:05","slug":"moja-ksiazka","status":"publish","type":"page","link":"https:\/\/mhernandez-jaczewska.com\/index.php\/pl\/moja-ksiazka\/","title":{"rendered":"MOJA KSI\u0104\u017bKA"},"content":{"rendered":"\n<div class=\"wp-block-columns are-vertically-aligned-center is-layout-flex wp-container-core-columns-is-layout-9d6595d7 wp-block-columns-is-layout-flex\">\n<div class=\"wp-block-column is-vertically-aligned-center is-layout-flow wp-block-column-is-layout-flow\">\n<h4 class=\"wp-block-heading has-text-align-center has-custom-2-color has-text-color has-link-color wp-elements-786cd52f4c017fb11d3a13ab2b615cd3\">Dost\u0119pna<br>ju\u017c teraz<br>po Polsku i Angielsku!<\/h4>\n\n\n\n<p class=\"has-text-align-center\"><\/p>\n\n\n\n<p class=\"has-text-align-center\"><strong><em>(<strong><em>wersja papierowa&nbsp;<\/em><\/strong><br><strong><em>i e-book<\/em><\/strong>)<\/em><\/strong><\/p>\n\n\n\n<div class=\"wp-block-columns is-layout-flex wp-container-core-columns-is-layout-9d6595d7 wp-block-columns-is-layout-flex\">\n<div class=\"wp-block-column is-layout-flow wp-block-column-is-layout-flow\">\n<div class=\"wp-block-buttons is-content-justification-right is-layout-flex wp-container-core-buttons-is-layout-765c4724 wp-block-buttons-is-layout-flex\">\n<div class=\"wp-block-button is-style-fill\" style=\"font-style:normal;font-weight:500\"><a class=\"wp-block-button__link has-background has-text-align-center wp-element-button\" href=\"https:\/\/www.amazon.com\/stores\/Melissa-Hern%C3%A1ndez-Jaczewska\/author\/B0CP8GV32H?ref=ap_rdr&amp;isDramIntegrated=true&amp;shoppingPortalEnabled=true\" style=\"border-style:none;border-width:0px;border-radius:21px;background-color:#5902ab;padding-top:var(--wp--preset--spacing--50);padding-right:var(--wp--preset--spacing--50);padding-bottom:var(--wp--preset--spacing--50);padding-left:var(--wp--preset--spacing--50)\">Kup teraz na Amazon<\/a><\/div>\n<\/div>\n<\/div>\n\n\n\n<div class=\"wp-block-column is-layout-flow wp-block-column-is-layout-flow\">\n<div class=\"wp-block-buttons is-content-justification-left is-layout-flex wp-container-core-buttons-is-layout-fdcfc74e wp-block-buttons-is-layout-flex\">\n<div class=\"wp-block-button is-style-fill\" style=\"font-style:normal;font-weight:500\"><a class=\"wp-block-button__link has-background has-text-align-center wp-element-button\" href=\"https:\/\/www.empik.com\/reconnecting-hearts-overcoming-relationship-crises-melissa-hernandez-jaczewska,p1426198339,ebooki-i-mp3-p?fromSearchQuery=reconnecting+hearts%3A+overcoming+relationship+crises\" style=\"border-style:none;border-width:0px;border-radius:21px;background-color:#5902ab;padding-top:var(--wp--preset--spacing--50);padding-right:var(--wp--preset--spacing--50);padding-bottom:var(--wp--preset--spacing--50);padding-left:var(--wp--preset--spacing--50)\">Kup teraz w Empiku<\/a><\/div>\n<\/div>\n<\/div>\n<\/div>\n<\/div>\n\n\n\n<div class=\"wp-block-column is-vertically-aligned-center is-layout-flow wp-block-column-is-layout-flow\">\n<figure class=\"wp-block-image size-large\"><img fetchpriority=\"high\" decoding=\"async\" width=\"1024\" height=\"943\" src=\"http:\/\/mhernandez-jaczewska.com\/wp-content\/uploads\/2024\/11\/IMG_4909-1024x943.jpg\" alt=\"\" class=\"wp-image-46\" srcset=\"https:\/\/mhernandez-jaczewska.com\/wp-content\/uploads\/2024\/11\/IMG_4909-1024x943.jpg 1024w, https:\/\/mhernandez-jaczewska.com\/wp-content\/uploads\/2024\/11\/IMG_4909-300x276.jpg 300w, https:\/\/mhernandez-jaczewska.com\/wp-content\/uploads\/2024\/11\/IMG_4909-768x707.jpg 768w, https:\/\/mhernandez-jaczewska.com\/wp-content\/uploads\/2024\/11\/IMG_4909-1536x1414.jpg 1536w, https:\/\/mhernandez-jaczewska.com\/wp-content\/uploads\/2024\/11\/IMG_4909.jpg 1647w\" sizes=\"(max-width: 1024px) 100vw, 1024px\" \/><\/figure>\n<\/div>\n<\/div>\n\n\n\n<p><br><\/p>\n\n\n\n<p class=\"has-custom-1-color has-text-color has-link-color wp-elements-20175651e8d7ec949ac06047d8c33deb\"><strong>\u201dJak skutecznie rozwi\u0105za\u0107 kryzys w zwi\u0105zku\u201d<\/strong> to g\u0142\u0119boko psychologiczna i introspektywna praca. B\u0119d\u0119 i\u015b\u0107 z tob\u0105 rami\u0119 w rami\u0119, u\u017cywaj\u0105c delikatnej prozy, aby poprowadzi\u0107 ci\u0119 przez wypraw\u0119 do w\u0142asnego umys\u0142u, emocji i zachowa\u0144; odkrywaj\u0105c \u015bwie\u017ce i zdrowe perspektywy, kt\u00f3re mog\u0105 prowadzi\u0107 do znacznej poprawy jako\u015bci \u017cycia.<\/p>\n\n\n\n<p class=\"has-custom-1-color has-text-color has-link-color wp-elements-e41dfeeb82d348b22c9dc9dc8234052f\"><strong>Melissa Hern\u00e1ndez &#8211; Jaczewska<\/strong>, dyplomowana psycholo\u017cka, z ponad pi\u0119tnastoletni\u0105 praktyk\u0105 w terapii par, w swojej ksi\u0105\u017cce wyja\u015bnia dlaczego prawdziwy sukces w zwi\u0105zku zaczyna si\u0119 od zdrowej relacji z samym sob\u0105. Ujawnia, w jaki spos\u00f3b poprawi\u0107 jako\u015b\u0107 i komfort naszego \u017cycia, pozby\u0107 si\u0119 starych nawyk\u00f3w i szkodliwych stereotyp\u00f3w my\u015blenia, by zacz\u0105\u0107 now\u0105 drog\u0119 ku szcz\u0119\u015bciu.<\/p>\n\n\n\n<p class=\"has-custom-1-color has-text-color has-link-color wp-elements-1e9daeeab6bad0a42681dc2595e50f90\">Niezale\u017cnie od tego, czy do\u015bwiadczasz problem\u00f3w w zwi\u0105zku, czy po prostu szukasz nowych wskaz\u00f3wek, aby poprawi\u0107 jako\u015b\u0107 relacji ze sob\u0105 i ukochan\u0105 osob\u0105, wierz\u0119, \u017ce ta ksi\u0105\u017cka ma co\u015b warto\u015bciowego do zaoferowania.<\/p>\n","protected":false},"excerpt":{"rendered":"<p>Dost\u0119pnaju\u017c terazpo Polsku i Angielsku! (wersja papierowa&nbsp;i e-book) \u201dJak skutecznie rozwi\u0105za\u0107 kryzys w zwi\u0105zku\u201d to g\u0142\u0119boko psychologiczna i introspektywna praca. B\u0119d\u0119 i\u015b\u0107 z tob\u0105 rami\u0119 w rami\u0119, u\u017cywaj\u0105c delikatnej prozy, aby poprowadzi\u0107 ci\u0119 przez wypraw\u0119 do w\u0142asnego umys\u0142u, emocji i zachowa\u0144; odkrywaj\u0105c \u015bwie\u017ce i zdrowe perspektywy, kt\u00f3re mog\u0105 prowadzi\u0107 do znacznej poprawy jako\u015bci \u017cycia. Melissa&hellip;&nbsp;<a href=\"https:\/\/mhernandez-jaczewska.com\/index.php\/pl\/moja-ksiazka\/\" rel=\"bookmark\">Dowiedz si\u0119 wi\u0119cej &raquo;<span class=\"screen-reader-text\">MOJA KSI\u0104\u017bKA<\/span><\/a><\/p>\n","protected":false},"author":1,"featured_media":0,"parent":0,"menu_order":0,"comment_status":"closed","ping_status":"closed","template":"","meta":{"neve_meta_sidebar":"","neve_meta_container":"","neve_meta_enable_content_width":"","neve_meta_content_width":0,"neve_meta_title_alignment":"","neve_meta_author_avatar":"","neve_post_elements_order":"","neve_meta_disable_header":"","neve_meta_disable_footer":"","neve_meta_disable_title":"","footnotes":""},"class_list":["post-150","page","type-page","status-publish","hentry"],"_links":{"self":[{"href":"https:\/\/mhernandez-jaczewska.com\/index.php\/wp-json\/wp\/v2\/pages\/150","targetHints":{"allow":["GET"]}}],"collection":[{"href":"https:\/\/mhernandez-jaczewska.com\/index.php\/wp-json\/wp\/v2\/pages"}],"about":[{"href":"https:\/\/mhernandez-jaczewska.com\/index.php\/wp-json\/wp\/v2\/types\/page"}],"author":[{"embeddable":true,"href":"https:\/\/mhernandez-jaczewska.com\/index.php\/wp-json\/wp\/v2\/users\/1"}],"replies":[{"embeddable":true,"href":"https:\/\/mhernandez-jaczewska.com\/index.php\/wp-json\/wp\/v2\/comments?post=150"}],"version-history":[{"count":3,"href":"https:\/\/mhernandez-jaczewska.com\/index.php\/wp-json\/wp\/v2\/pages\/150\/revisions"}],"predecessor-version":[{"id":440,"href":"https:\/\/mhernandez-jaczewska.com\/index.php\/wp-json\/wp\/v2\/pages\/150\/revisions\/440"}],"wp:attachment":[{"href":"https:\/\/mhernandez-jaczewska.com\/index.php\/wp-json\/wp\/v2\/media?parent=150"}],"curies":[{"name":"wp","href":"https:\/\/api.w.org\/{rel}","templated":true}]}}