{"id":152,"date":"2024-11-23T20:42:01","date_gmt":"2024-11-23T20:42:01","guid":{"rendered":"https:\/\/mhernandez-jaczewska.com\/?page_id=152"},"modified":"2024-12-05T22:05:09","modified_gmt":"2024-12-05T22:05:09","slug":"mi-libro","status":"publish","type":"page","link":"https:\/\/mhernandez-jaczewska.com\/index.php\/es\/mi-libro\/","title":{"rendered":"Mi libro"},"content":{"rendered":"\n<div class=\"wp-block-columns are-vertically-aligned-center is-layout-flex wp-container-core-columns-is-layout-9d6595d7 wp-block-columns-is-layout-flex\">\n<div class=\"wp-block-column is-vertically-aligned-center is-layout-flow wp-block-column-is-layout-flow\">\n<h4 class=\"wp-block-heading has-text-align-center has-custom-2-color has-text-color has-link-color wp-elements-904384d92c610b551ee94e3d204d84e7\">Disponible<br>ahora en<br>Ingl\u00e9s y Polaco<\/h4>\n\n\n\n<p class=\"has-text-align-center\"><strong>(versi\u00f3n en papel<br>y libro electr\u00f3nico)<\/strong><\/p>\n\n\n\n<p class=\"has-text-align-center\"><\/p>\n\n\n\n<div class=\"wp-block-columns is-layout-flex wp-container-core-columns-is-layout-9d6595d7 wp-block-columns-is-layout-flex\">\n<div class=\"wp-block-column is-layout-flow wp-block-column-is-layout-flow\">\n<div class=\"wp-block-buttons is-content-justification-right is-layout-flex wp-container-core-buttons-is-layout-765c4724 wp-block-buttons-is-layout-flex\">\n<div class=\"wp-block-button is-style-fill\" style=\"font-style:normal;font-weight:500\"><a class=\"wp-block-button__link has-background has-text-align-center wp-element-button\" href=\"https:\/\/www.amazon.com\/stores\/Melissa-Hern%C3%A1ndez-Jaczewska\/author\/B0CP8GV32H?ref=ap_rdr&amp;isDramIntegrated=true&amp;shoppingPortalEnabled=true\" style=\"border-style:none;border-width:0px;border-radius:21px;background-color:#5902ab;padding-top:var(--wp--preset--spacing--50);padding-right:var(--wp--preset--spacing--50);padding-bottom:var(--wp--preset--spacing--50);padding-left:var(--wp--preset--spacing--50)\">Compra ahora en Amazon<\/a><\/div>\n<\/div>\n<\/div>\n\n\n\n<div class=\"wp-block-column is-layout-flow wp-block-column-is-layout-flow\">\n<div class=\"wp-block-buttons is-content-justification-left is-layout-flex wp-container-core-buttons-is-layout-fdcfc74e wp-block-buttons-is-layout-flex\">\n<div class=\"wp-block-button is-style-fill\" style=\"font-style:normal;font-weight:500\"><a class=\"wp-block-button__link has-background has-text-align-center wp-element-button\" href=\"https:\/\/www.empik.com\/reconnecting-hearts-overcoming-relationship-crises-melissa-hernandez-jaczewska,p1426198339,ebooki-i-mp3-p?fromSearchQuery=reconnecting+hearts%3A+overcoming+relationship+crises\" style=\"border-style:none;border-width:0px;border-radius:21px;background-color:#5902ab;padding-top:var(--wp--preset--spacing--50);padding-right:var(--wp--preset--spacing--50);padding-bottom:var(--wp--preset--spacing--50);padding-left:var(--wp--preset--spacing--50)\">Compra ahora en Empiku<\/a><\/div>\n<\/div>\n<\/div>\n<\/div>\n<\/div>\n\n\n\n<div class=\"wp-block-column is-vertically-aligned-center is-layout-flow wp-block-column-is-layout-flow\">\n<figure class=\"wp-block-image size-large\"><img fetchpriority=\"high\" decoding=\"async\" width=\"1024\" height=\"943\" src=\"http:\/\/mhernandez-jaczewska.com\/wp-content\/uploads\/2024\/11\/IMG_4909-1024x943.jpg\" alt=\"\" class=\"wp-image-46\" srcset=\"https:\/\/mhernandez-jaczewska.com\/wp-content\/uploads\/2024\/11\/IMG_4909-1024x943.jpg 1024w, https:\/\/mhernandez-jaczewska.com\/wp-content\/uploads\/2024\/11\/IMG_4909-300x276.jpg 300w, https:\/\/mhernandez-jaczewska.com\/wp-content\/uploads\/2024\/11\/IMG_4909-768x707.jpg 768w, https:\/\/mhernandez-jaczewska.com\/wp-content\/uploads\/2024\/11\/IMG_4909-1536x1414.jpg 1536w, https:\/\/mhernandez-jaczewska.com\/wp-content\/uploads\/2024\/11\/IMG_4909.jpg 1647w\" sizes=\"(max-width: 1024px) 100vw, 1024px\" \/><\/figure>\n<\/div>\n<\/div>\n\n\n\n<p><\/p>\n\n\n\n<p class=\"has-custom-1-color has-text-color has-link-color wp-elements-3b02e694a718c2c635c2d0450346458a\"><strong>&#8220;Reconnecting Hearts: Overcoming Relationship Crises&#8221;<\/strong> es una obra profundamente psicol\u00f3gica e introspectiva. Caminar\u00e9 de tu mano, usando una prosa suave para guiarte a trav\u00e9s de la expedici\u00f3n hacia tu propia mente, emociones y comportamientos; explorando perspectivas frescas y saludables que pueden conducir a mejoras significativas en su calidad de vida.<\/p>\n\n\n\n<p class=\"has-custom-1-color has-text-color has-link-color wp-elements-440bdb82524d3f778e210898bd0d3f41\"><strong>Melissa Hern\u00e1ndez &#8211; Jaczewska<\/strong>, psic\u00f3loga certificada con m\u00e1s de quince a\u00f1os de pr\u00e1ctica en pa\u00edses multiculturales, explica en su libro por qu\u00e9 el verdadero \u00e9xito en una relaci\u00f3n comienza con una relaci\u00f3n sana contigo mismo. Ella revela c\u00f3mo mejorar la comodidad de nuestras vidas, deshacernos de viejos h\u00e1bitos y estereotipos de pensamiento da\u00f1inos para comenzar un nuevo camino hacia la felicidad.&nbsp;<\/p>\n\n\n\n<p class=\"has-custom-1-color has-text-color has-link-color wp-elements-42e83ed2a37d003423b8de944c7eddca\">Ya sea que est\u00e9 experimentando problemas en sus relaciones o simplemente est\u00e9 buscando nuevos conocimientos para mejorar la calidad de su relaci\u00f3n consigo mismo y con su ser querido, creo que este libro tiene algo valioso que ofrecerle.<\/p>\n","protected":false},"excerpt":{"rendered":"<p>Disponibleahora enIngl\u00e9s y Polaco (versi\u00f3n en papely libro electr\u00f3nico) &#8220;Reconnecting Hearts: Overcoming Relationship Crises&#8221; es una obra profundamente psicol\u00f3gica e introspectiva. Caminar\u00e9 de tu mano, usando una prosa suave para guiarte a trav\u00e9s de la expedici\u00f3n hacia tu propia mente, emociones y comportamientos; explorando perspectivas frescas y saludables que pueden conducir a mejoras significativas en&hellip;&nbsp;<a href=\"https:\/\/mhernandez-jaczewska.com\/index.php\/es\/mi-libro\/\" rel=\"bookmark\">Dowiedz si\u0119 wi\u0119cej &raquo;<span class=\"screen-reader-text\">Mi libro<\/span><\/a><\/p>\n","protected":false},"author":1,"featured_media":0,"parent":0,"menu_order":0,"comment_status":"closed","ping_status":"closed","template":"","meta":{"neve_meta_sidebar":"","neve_meta_container":"","neve_meta_enable_content_width":"","neve_meta_content_width":0,"neve_meta_title_alignment":"","neve_meta_author_avatar":"","neve_post_elements_order":"","neve_meta_disable_header":"","neve_meta_disable_footer":"","neve_meta_disable_title":"","footnotes":""},"class_list":["post-152","page","type-page","status-publish","hentry"],"_links":{"self":[{"href":"https:\/\/mhernandez-jaczewska.com\/index.php\/wp-json\/wp\/v2\/pages\/152","targetHints":{"allow":["GET"]}}],"collection":[{"href":"https:\/\/mhernandez-jaczewska.com\/index.php\/wp-json\/wp\/v2\/pages"}],"about":[{"href":"https:\/\/mhernandez-jaczewska.com\/index.php\/wp-json\/wp\/v2\/types\/page"}],"author":[{"embeddable":true,"href":"https:\/\/mhernandez-jaczewska.com\/index.php\/wp-json\/wp\/v2\/users\/1"}],"replies":[{"embeddable":true,"href":"https:\/\/mhernandez-jaczewska.com\/index.php\/wp-json\/wp\/v2\/comments?post=152"}],"version-history":[{"count":5,"href":"https:\/\/mhernandez-jaczewska.com\/index.php\/wp-json\/wp\/v2\/pages\/152\/revisions"}],"predecessor-version":[{"id":437,"href":"https:\/\/mhernandez-jaczewska.com\/index.php\/wp-json\/wp\/v2\/pages\/152\/revisions\/437"}],"wp:attachment":[{"href":"https:\/\/mhernandez-jaczewska.com\/index.php\/wp-json\/wp\/v2\/media?parent=152"}],"curies":[{"name":"wp","href":"https:\/\/api.w.org\/{rel}","templated":true}]}}