{"id":418,"date":"2024-12-05T21:36:58","date_gmt":"2024-12-05T21:36:58","guid":{"rendered":"https:\/\/mhernandez-jaczewska.com\/?page_id=418"},"modified":"2024-12-12T13:35:18","modified_gmt":"2024-12-12T13:35:18","slug":"418-2","status":"publish","type":"page","link":"https:\/\/mhernandez-jaczewska.com\/index.php\/pl\/418-2\/","title":{"rendered":""},"content":{"rendered":"\n<p class=\"has-text-align-center has-custom-2-color has-text-color has-link-color has-medium-font-size wp-elements-228025aa41c60364e03dbf37b8e958a5\">Teraz mo\u017cesz zapisa\u0107 si\u0119 do tej listy i od czasu do czasu otrzymywa\u0107 newsletter z podsumowaniem tego, co opublikowa\u0142am w mi\u0119dzyczasie, a tak\u017ce informacjami o spotkaniach ze mn\u0105 itd. W ten spos\u00f3b nigdy nie przegapisz niczego wa\u017cnego, co mo\u017cesz wykorzysta\u0107 w swoim \u017cyciu.<\/p>\n\n\n\n<center>\n<div id=\"mc_embed_shell\">\n      <link href=\"\/\/cdn-images.mailchimp.com\/embedcode\/classic-061523.css\" rel=\"stylesheet\" type=\"text\/css\">\n  <style type=\"text\/css\">\n        #mc_embed_signup{background:#fff; false;clear:left; font:14px Helvetica,Arial,sans-serif; width: 600px;}\n        \/* Add your own Mailchimp form style overrides in your site stylesheet or in this style block.\n           We recommend moving this block and the preceding CSS link to the HEAD of your HTML file. *\/\n<\/style><style type=\"text\/css\">\n        #mc-embedded-subscribe-form input[type=checkbox]{display: inline; width: auto;margin-right: 10px;}\n#mergeRow-gdpr {margin-top: 20px;}\n#mergeRow-gdpr fieldset label {font-weight: normal;}\n#mc-embedded-subscribe-form .mc_fieldset{border:none;min-height: 0px;padding-bottom:0px;}\n<\/style>\n<div id=\"mc_embed_signup\">\n    <form action=\"https:\/\/mhernandez-jaczewska.us14.list-manage.com\/subscribe\/post?u=11b167ae4fb7c4e17d065bc0a&amp;id=cbb70e57da&amp;v_id=2621&amp;f_id=006a19e3f0\" method=\"post\" id=\"mc-embedded-subscribe-form\" name=\"mc-embedded-subscribe-form\" class=\"validate\" target=\"_blank\">\n        <div id=\"mc_embed_signup_scroll\"><h2><\/h2>\n            <div class=\"indicates-required\"><span class=\"asterisk\">*<\/span> Pole wymagane<\/div>\n            <div class=\"mc-field-group\"><label for=\"mce-FNAME\">Imi\u0119 <span class=\"asterisk\">*<\/span><\/label><input type=\"text\" name=\"FNAME\" class=\"required text\" id=\"mce-FNAME\" required=\"\" value=\"\"><\/div><div class=\"mc-field-group\"><label for=\"mce-EMAIL\">Email <span class=\"asterisk\">*<\/span><\/label><input type=\"email\" name=\"EMAIL\" class=\"required email\" id=\"mce-EMAIL\" required=\"\" value=\"\"><\/div><div id=\"mergeRow-gdpr\" class=\"mergeRow gdpr-mergeRow content__gdprBlock mc-field-group\"><div class=\"content__gdpr\"><label>Zgody marketingowe:<\/label><pTw\u00f3j adres e-mail b\u0119dzie wykorzystywany wy\u0142\u0105cznie do moich cel\u00f3w informacyjnych. RODO wymaga, aby\u015b wyra\u017anie zgodzi\u0142\/a si\u0119 na to w polu poni\u017cej. <br \/><br \/>\nZgoda na komunikacj\u0119 za pomoc\u0105 e-maila:<\/p><fieldset class=\"mc_fieldset gdprRequired mc-field-group\" name=\"interestgroup_field\"><label class=\"checkbox subfield\" for=\"gdpr260498\"><input type=\"checkbox\" id=\"gdpr_260498\" name=\"gdpr[260498]\" class=\"gdpr\" value=\"Y\"><span>Zgadzam si\u0119<\/span><\/label><\/fieldset><p>Mo\u017cesz zrezygnowa\u0107 z subskrypcji w ka\u017cdej chwili, klikaj\u0105c link w stopce naszych wiadomo\u015bci e-mail. Aby uzyska\u0107 informacje na temat naszych praktyk prywatno\u015bci, odwied\u017a nasz\u0105 stron\u0119 internetow\u0105.<\/p><\/div><div class=\"content__gdprLegal\"><p>U\u017cywamy Mailchimp jako naszej platformy marketingowej. Klikaj\u0105c poni\u017cej, aby si\u0119 zapisa\u0107, potwierdzasz, \u017ce Twoje dane zostan\u0105 przekazane do Mailchimp w celu ich przetwarzania, zgodnie z praktykami prywatno\u015bci Mailchimp. <a href=\"https:\/\/mailchimp.com\/legal\/terms\">Dowiedz si\u0119 wi\u0119cej<\/a> o praktykach prywatno\u015bci Mailchimp.<\/p><\/div><\/div>\n        <div id=\"mce-responses\" class=\"clear foot\">\n            <div class=\"response\" id=\"mce-error-response\" style=\"display: none;\"><\/div>\n            <div class=\"response\" id=\"mce-success-response\" style=\"display: none;\"><\/div>\n        <\/div>\n    <div aria-hidden=\"true\" style=\"position: absolute; left: -5000px;\">\n        \/* real people should not fill this in and expect good things &#8211; do not remove this or risk form bot signups *\/\n        <input type=\"text\" name=\"b_11b167ae4fb7c4e17d065bc0a_cbb70e57da\" tabindex=\"-1\" value=\"\">\n    <\/div>\n        <div class=\"optionalParent\">\n            <div class=\"clear foot\">\n                <input type=\"submit\" name=\"subscribe\" id=\"mc-embedded-subscribe\" class=\"button\" value=\"Subskrybuj\">\n                <p style=\"margin: 0px auto;\"><a href=\"http:\/\/eepurl.com\/i5obF2\" title=\"Mailchimp - email marketing made easy and fun\"><span style=\"display: inline-block; background-color: transparent; border-radius: 4px;\"><img decoding=\"async\" class=\"refferal_badge\" src=\"https:\/\/digitalasset.intuit.com\/render\/content\/dam\/intuit\/mc-fe\/en_us\/images\/intuit-mc-rewards-text-dark.svg\" alt=\"Intuit Mailchimp\" style=\"width: 220px; height: 40px; display: flex; padding: 2px 0px; justify-content: center; align-items: center;\"><\/span><\/a><\/p>\n            <\/div>\n        <\/div>\n    <\/div>\n<\/form>\n<\/div>\n<script type=\"text\/javascript\" src=\"\/\/s3.amazonaws.com\/downloads.mailchimp.com\/js\/mc-validate.js\"><\/script><script type=\"text\/javascript\">(function($) {window.fnames = new Array(); window.ftypes = new Array();fnames[1]='FNAME';ftypes[1]='text';fnames[0]='EMAIL';ftypes[0]='email';fnames[2]='LNAME';ftypes[2]='text';fnames[3]='ADDRESS';ftypes[3]='address';fnames[4]='PHONE';ftypes[4]='phone';fnames[5]='BIRTHDAY';ftypes[5]='birthday';fnames[6]='COMPANY';ftypes[6]='text';}(jQuery));var $mcj = jQuery.noConflict(true);<\/script><\/div>\n<\/center>\n\n\n\n<p><\/p>\n","protected":false},"excerpt":{"rendered":"<p>Teraz mo\u017cesz zapisa\u0107 si\u0119 do tej listy i od czasu do czasu otrzymywa\u0107 newsletter z podsumowaniem tego, co opublikowa\u0142am w mi\u0119dzyczasie, a tak\u017ce informacjami o spotkaniach ze mn\u0105 itd. W ten spos\u00f3b nigdy nie przegapisz niczego wa\u017cnego, co mo\u017cesz wykorzysta\u0107 w swoim \u017cyciu. * Pole wymagane Imi\u0119 * Email * Zgody marketingowe:<\/p>\n","protected":false},"author":1,"featured_media":0,"parent":0,"menu_order":0,"comment_status":"closed","ping_status":"closed","template":"","meta":{"neve_meta_sidebar":"","neve_meta_container":"","neve_meta_enable_content_width":"","neve_meta_content_width":0,"neve_meta_title_alignment":"","neve_meta_author_avatar":"","neve_post_elements_order":"","neve_meta_disable_header":"","neve_meta_disable_footer":"","neve_meta_disable_title":"","footnotes":""},"class_list":["post-418","page","type-page","status-publish","hentry"],"_links":{"self":[{"href":"https:\/\/mhernandez-jaczewska.com\/index.php\/wp-json\/wp\/v2\/pages\/418","targetHints":{"allow":["GET"]}}],"collection":[{"href":"https:\/\/mhernandez-jaczewska.com\/index.php\/wp-json\/wp\/v2\/pages"}],"about":[{"href":"https:\/\/mhernandez-jaczewska.com\/index.php\/wp-json\/wp\/v2\/types\/page"}],"author":[{"embeddable":true,"href":"https:\/\/mhernandez-jaczewska.com\/index.php\/wp-json\/wp\/v2\/users\/1"}],"replies":[{"embeddable":true,"href":"https:\/\/mhernandez-jaczewska.com\/index.php\/wp-json\/wp\/v2\/comments?post=418"}],"version-history":[{"count":6,"href":"https:\/\/mhernandez-jaczewska.com\/index.php\/wp-json\/wp\/v2\/pages\/418\/revisions"}],"predecessor-version":[{"id":475,"href":"https:\/\/mhernandez-jaczewska.com\/index.php\/wp-json\/wp\/v2\/pages\/418\/revisions\/475"}],"wp:attachment":[{"href":"https:\/\/mhernandez-jaczewska.com\/index.php\/wp-json\/wp\/v2\/media?parent=418"}],"curies":[{"name":"wp","href":"https:\/\/api.w.org\/{rel}","templated":true}]}}